{"id":676,"date":"2020-01-29T14:49:09","date_gmt":"2020-01-29T19:49:09","guid":{"rendered":"https:\/\/prod.vetspensionerror.ca\/sitemap\/"},"modified":"2021-02-11T14:15:59","modified_gmt":"2021-02-11T19:15:59","slug":"plan-du-site","status":"publish","type":"page","link":"https:\/\/vetslongtermcare.ca\/fr\/plan-du-site\/","title":{"rendered":"Plan du site"},"content":{"rendered":"<div class=\"wsp-container\"><h2 class=\"wsp-pages-title\">Pages<\/h2>\n<ul class=\"wsp-pages-list\">\n<li class=\"page_item page-item-570\"><a href=\"https:\/\/vetslongtermcare.ca\/fr\/a-propos-du-recours\/\">\u00c0 propos de du recours collectif<\/a><\/li>\n<li class=\"page_item page-item-673\"><a href=\"https:\/\/vetslongtermcare.ca\/fr\/conditions-dutilisation\/\">Conditions d\u2019utilisation (ou clause de non-responsabilit\u00e9)<\/a><\/li>\n<li class=\"page_item page-item-614\"><a href=\"https:\/\/vetslongtermcare.ca\/fr\/documents-judiciaires\/\">Documents Judiciaires<\/a><\/li>\n<li class=\"page_item page-item-631\"><a href=\"https:\/\/vetslongtermcare.ca\/fr\/enregistrer\/\">Enregistrer<\/a><\/li>\n<li class=\"page_item page-item-601\"><a href=\"https:\/\/vetslongtermcare.ca\/fr\/equipe-juridique\/\">\u00c9quipe Juridique<\/a><\/li>\n<li class=\"page_item page-item-624\"><a href=\"https:\/\/vetslongtermcare.ca\/fr\/foire-aux-questions\/\">Foire Aux Questions<\/a><\/li>\n<li class=\"page_item page-item-636 current_page_parent\"><a href=\"https:\/\/vetslongtermcare.ca\/fr\/mises-a-jour\/\">Mises \u00c0 Jour<\/a><\/li>\n<li class=\"page_item page-item-676\"><a href=\"https:\/\/vetslongtermcare.ca\/fr\/plan-du-site\/\">Plan du site<\/a><\/li>\n<li class=\"page_item page-item-670\"><a href=\"https:\/\/vetslongtermcare.ca\/fr\/politique-sur-la-vie-privee\/\">Politique de confidentialit\u00e9<\/a><\/li>\n<li class=\"page_item page-item-575\"><a href=\"https:\/\/vetslongtermcare.ca\/fr\/\">Recours collectif pour les soins de longue dur\u00e9e pour les anciens combattants<\/a><\/li>\n<\/ul>\n<h2 class=\"wsp-posts-title\">Articles par cat\u00e9gorie<\/h2>\n<ul class=\"wsp-posts-list\">\n\t<li><strong class=\"wsp-category-title\">Cat\u00e9gorie\u00a0: <a href=\"https:\/\/vetslongtermcare.ca\/fr\/updates\/category\/news-fr\/\">News<\/a><\/strong>\n<ul class=\"wsp-posts-list\">\t\t<li class=\"wsp-post\"><a href=\"https:\/\/vetslongtermcare.ca\/fr\/updates\/declaration-deposee-dans-le-cadre-du-recours-collectif-propose-en-matiere-de-soins-de-longue-duree-pour-anciens-combattants-28-octobre-2024\/\">D\u00e9claration d\u00e9pos\u00e9e dans le cadre du recours collectif propos\u00e9 en mati\u00e8re de soins de longue dur\u00e9e pour anciens combattants. 28 octobre 2024<\/a><\/li>\n\t\t<li class=\"wsp-post\"><a href=\"https:\/\/vetslongtermcare.ca\/fr\/updates\/les-anciens-combattants-ont-peut-etre-paye-trop-cher-pour-leurs-soins-de-longue-duree-pendant-des-annees-en-raison-dune-erreur-federale-cbc-news-29-octobre-2024\/\">Les anciens combattants ont peut-\u00eatre pay\u00e9 trop cher pour leurs soins de longue dur\u00e9e pendant des ann\u00e9es en raison d\u2019une erreur f\u00e9d\u00e9rale \u2013 CBC News -29 octobre 2024<\/a><\/li>\n<\/ul><\/li>\n<\/ul>\n<\/div>\n","protected":false},"excerpt":{"rendered":"","protected":false},"author":1,"featured_media":0,"parent":0,"menu_order":0,"comment_status":"closed","ping_status":"closed","template":"page-full-width.php","meta":{"_acf_changed":false,"inline_featured_image":false,"footnotes":""},"class_list":["post-676","page","type-page","status-publish","hentry"],"acf":[],"yoast_head":"<!-- This site is optimized with the Yoast SEO plugin v27.4 - https:\/\/yoast.com\/product\/yoast-seo-wordpress\/ -->\n<title>Plan du site - Veterans Long Term Care Class Action<\/title>\n<meta name=\"robots\" content=\"index, follow, max-snippet:-1, max-image-preview:large, max-video-preview:-1\" \/>\n<link rel=\"canonical\" href=\"https:\/\/vetslongtermcare.ca\/fr\/plan-du-site\/\" \/>\n<meta property=\"og:locale\" content=\"fr_FR\" \/>\n<meta property=\"og:type\" content=\"article\" \/>\n<meta property=\"og:title\" content=\"Plan du site - Veterans Long Term Care Class Action\" \/>\n<meta property=\"og:url\" content=\"https:\/\/vetslongtermcare.ca\/fr\/plan-du-site\/\" \/>\n<meta property=\"og:site_name\" content=\"Veterans Long Term Care Class Action\" \/>\n<meta property=\"article:modified_time\" content=\"2021-02-11T19:15:59+00:00\" \/>\n<meta name=\"twitter:card\" content=\"summary_large_image\" \/>\n<meta name=\"twitter:label1\" content=\"Dur\u00e9e de lecture estim\u00e9e\" \/>\n\t<meta name=\"twitter:data1\" content=\"1 minute\" \/>\n<script type=\"application\/ld+json\" class=\"yoast-schema-graph\">{\"@context\":\"https:\\\/\\\/schema.org\",\"@graph\":[{\"@type\":\"WebPage\",\"@id\":\"https:\\\/\\\/vetslongtermcare.ca\\\/fr\\\/plan-du-site\\\/\",\"url\":\"https:\\\/\\\/vetslongtermcare.ca\\\/fr\\\/plan-du-site\\\/\",\"name\":\"Plan du site - Veterans Long Term Care Class Action\",\"isPartOf\":{\"@id\":\"https:\\\/\\\/vetslongtermcare.ca\\\/fr\\\/#website\"},\"datePublished\":\"2020-01-29T19:49:09+00:00\",\"dateModified\":\"2021-02-11T19:15:59+00:00\",\"breadcrumb\":{\"@id\":\"https:\\\/\\\/vetslongtermcare.ca\\\/fr\\\/plan-du-site\\\/#breadcrumb\"},\"inLanguage\":\"fr-FR\",\"potentialAction\":[{\"@type\":\"ReadAction\",\"target\":[\"https:\\\/\\\/vetslongtermcare.ca\\\/fr\\\/plan-du-site\\\/\"]}]},{\"@type\":\"BreadcrumbList\",\"@id\":\"https:\\\/\\\/vetslongtermcare.ca\\\/fr\\\/plan-du-site\\\/#breadcrumb\",\"itemListElement\":[{\"@type\":\"ListItem\",\"position\":1,\"name\":\"Home\",\"item\":\"https:\\\/\\\/vetslongtermcare.ca\\\/fr\\\/\"},{\"@type\":\"ListItem\",\"position\":2,\"name\":\"Plan du site\"}]},{\"@type\":\"WebSite\",\"@id\":\"https:\\\/\\\/vetslongtermcare.ca\\\/fr\\\/#website\",\"url\":\"https:\\\/\\\/vetslongtermcare.ca\\\/fr\\\/\",\"name\":\"Veterans Long Term Care Class Action\",\"description\":\"\",\"potentialAction\":[{\"@type\":\"SearchAction\",\"target\":{\"@type\":\"EntryPoint\",\"urlTemplate\":\"https:\\\/\\\/vetslongtermcare.ca\\\/fr\\\/?s={search_term_string}\"},\"query-input\":{\"@type\":\"PropertyValueSpecification\",\"valueRequired\":true,\"valueName\":\"search_term_string\"}}],\"inLanguage\":\"fr-FR\"}]}<\/script>\n<!-- \/ Yoast SEO plugin. -->","yoast_head_json":{"title":"Plan du site - Veterans Long Term Care Class Action","robots":{"index":"index","follow":"follow","max-snippet":"max-snippet:-1","max-image-preview":"max-image-preview:large","max-video-preview":"max-video-preview:-1"},"canonical":"https:\/\/vetslongtermcare.ca\/fr\/plan-du-site\/","og_locale":"fr_FR","og_type":"article","og_title":"Plan du site - Veterans Long Term Care Class Action","og_url":"https:\/\/vetslongtermcare.ca\/fr\/plan-du-site\/","og_site_name":"Veterans Long Term Care Class Action","article_modified_time":"2021-02-11T19:15:59+00:00","twitter_card":"summary_large_image","twitter_misc":{"Dur\u00e9e de lecture estim\u00e9e":"1 minute"},"schema":{"@context":"https:\/\/schema.org","@graph":[{"@type":"WebPage","@id":"https:\/\/vetslongtermcare.ca\/fr\/plan-du-site\/","url":"https:\/\/vetslongtermcare.ca\/fr\/plan-du-site\/","name":"Plan du site - Veterans Long Term Care Class Action","isPartOf":{"@id":"https:\/\/vetslongtermcare.ca\/fr\/#website"},"datePublished":"2020-01-29T19:49:09+00:00","dateModified":"2021-02-11T19:15:59+00:00","breadcrumb":{"@id":"https:\/\/vetslongtermcare.ca\/fr\/plan-du-site\/#breadcrumb"},"inLanguage":"fr-FR","potentialAction":[{"@type":"ReadAction","target":["https:\/\/vetslongtermcare.ca\/fr\/plan-du-site\/"]}]},{"@type":"BreadcrumbList","@id":"https:\/\/vetslongtermcare.ca\/fr\/plan-du-site\/#breadcrumb","itemListElement":[{"@type":"ListItem","position":1,"name":"Home","item":"https:\/\/vetslongtermcare.ca\/fr\/"},{"@type":"ListItem","position":2,"name":"Plan du site"}]},{"@type":"WebSite","@id":"https:\/\/vetslongtermcare.ca\/fr\/#website","url":"https:\/\/vetslongtermcare.ca\/fr\/","name":"Veterans Long Term Care Class Action","description":"","potentialAction":[{"@type":"SearchAction","target":{"@type":"EntryPoint","urlTemplate":"https:\/\/vetslongtermcare.ca\/fr\/?s={search_term_string}"},"query-input":{"@type":"PropertyValueSpecification","valueRequired":true,"valueName":"search_term_string"}}],"inLanguage":"fr-FR"}]}},"_links":{"self":[{"href":"https:\/\/vetslongtermcare.ca\/fr\/wp-json\/wp\/v2\/pages\/676","targetHints":{"allow":["GET"]}}],"collection":[{"href":"https:\/\/vetslongtermcare.ca\/fr\/wp-json\/wp\/v2\/pages"}],"about":[{"href":"https:\/\/vetslongtermcare.ca\/fr\/wp-json\/wp\/v2\/types\/page"}],"author":[{"embeddable":true,"href":"https:\/\/vetslongtermcare.ca\/fr\/wp-json\/wp\/v2\/users\/1"}],"replies":[{"embeddable":true,"href":"https:\/\/vetslongtermcare.ca\/fr\/wp-json\/wp\/v2\/comments?post=676"}],"version-history":[{"count":1,"href":"https:\/\/vetslongtermcare.ca\/fr\/wp-json\/wp\/v2\/pages\/676\/revisions"}],"predecessor-version":[{"id":677,"href":"https:\/\/vetslongtermcare.ca\/fr\/wp-json\/wp\/v2\/pages\/676\/revisions\/677"}],"wp:attachment":[{"href":"https:\/\/vetslongtermcare.ca\/fr\/wp-json\/wp\/v2\/media?parent=676"}],"curies":[{"name":"wp","href":"https:\/\/api.w.org\/{rel}","templated":true}]}}