{"id":673,"date":"2020-01-29T14:48:57","date_gmt":"2020-01-29T19:48:57","guid":{"rendered":"https:\/\/prod.vetspensionerror.ca\/terms-of-use\/"},"modified":"2021-02-11T14:23:36","modified_gmt":"2021-02-11T19:23:36","slug":"conditions-dutilisation","status":"publish","type":"page","link":"https:\/\/vetslongtermcare.ca\/fr\/conditions-dutilisation\/","title":{"rendered":"Conditions d\u2019utilisation (ou clause de non-responsabilit\u00e9)"},"content":{"rendered":"\n<p>Les informations que vous obtenez sur ce site ne constituent pas et ne sont pas destin\u00e9es \u00e0 \u00eatre des conseils juridiques. Vous devriez consulter un avocat afin d\u2019obtenir des conseils sur votre situation personnelle. Nous vous invitons \u00e0 nous contacter et \u00e0 r\u00e9pondre \u00e0 nos appels, lettres et courriels, le cas \u00e9ch\u00e9ant. Le simple fait de nous contacter ne cr\u00e9e pas de relation avocat-client. Pri\u00e8re de ne pas nous envoyer d&rsquo;informations confidentielles tant que vous n\u2019aurez pas retenu nos services juridiques et qu&rsquo;une relation avocat-client n\u2019aura \u00e9t\u00e9 \u00e9tablie.<\/p>\n\n\n\n<p>Le r\u00e9sultat de chaque proc\u00e9dure judiciaire variera en fonction des faits et des circonstances propres \u00e0 chaque cas individuel. Les r\u00e9f\u00e9rences aux r\u00e9sultats de cas r\u00e9ussis o\u00f9 les avocats des cabinets du consortium ont agi pour des clients ne sont pas une garantie et ne sont pas n\u00e9cessairement une indication des r\u00e9sultats futurs.<\/p>\n\n\n\n<p>Ce site a \u00e9t\u00e9 con\u00e7u dans le but de devenir une source fiable et accessible d&rsquo;information se rapportant \u00e0 divers sujets qui pourraient vous int\u00e9resser en tant que membre potentiel du groupe dans cette action collective. Tous les liens sur ce site vers des sites Web ou des ressources tierces sont fournis \u00e0 titre informatif et se veut \u00eatre convivial. Les entreprises du consortium n&rsquo;assument aucune responsabilit\u00e9 quant au contenu ou aux pratiques des sites de tierces parties. Les liens de tiers ne sont pas destin\u00e9s \u00e0 approuver ni \u00e0 recommander les informations contenues dans les sites Web ou les documents li\u00e9s, ni \u00e0 garantir l&rsquo;exactitude, l&rsquo;actualit\u00e9 ou l&rsquo;ad\u00e9quation des sites Web ou des documents \u00e0 un usage particulier.<\/p>\n","protected":false},"excerpt":{"rendered":"<p>Les informations que vous obtenez sur ce site ne constituent pas et ne sont pas destin\u00e9es \u00e0 \u00eatre des conseils juridiques. Vous devriez consulter un avocat afin d\u2019obtenir des conseils sur votre situation personnelle. Nous vous invitons \u00e0 nous contacter et \u00e0 r\u00e9pondre \u00e0 nos appels, lettres et courriels, le cas \u00e9ch\u00e9ant. Le simple fait [&hellip;]<\/p>\n","protected":false},"author":1,"featured_media":0,"parent":0,"menu_order":0,"comment_status":"closed","ping_status":"closed","template":"page-full-width.php","meta":{"_acf_changed":false,"inline_featured_image":false,"footnotes":""},"class_list":["post-673","page","type-page","status-publish","hentry"],"acf":[],"yoast_head":"<!-- This site is optimized with the Yoast SEO plugin v27.4 - https:\/\/yoast.com\/product\/yoast-seo-wordpress\/ -->\n<title>Conditions d\u2019utilisation (ou clause de non-responsabilit\u00e9) - Veterans Long Term Care Class Action<\/title>\n<meta name=\"robots\" content=\"index, follow, max-snippet:-1, max-image-preview:large, max-video-preview:-1\" \/>\n<link rel=\"canonical\" href=\"https:\/\/vetslongtermcare.ca\/fr\/conditions-dutilisation\/\" \/>\n<meta property=\"og:locale\" content=\"fr_FR\" \/>\n<meta property=\"og:type\" content=\"article\" \/>\n<meta property=\"og:title\" content=\"Conditions d\u2019utilisation (ou clause de non-responsabilit\u00e9) - Veterans Long Term Care Class Action\" \/>\n<meta property=\"og:description\" content=\"Les informations que vous obtenez sur ce site ne constituent pas et ne sont pas destin\u00e9es \u00e0 \u00eatre des conseils juridiques. Vous devriez consulter un avocat afin d\u2019obtenir des conseils sur votre situation personnelle. Nous vous invitons \u00e0 nous contacter et \u00e0 r\u00e9pondre \u00e0 nos appels, lettres et courriels, le cas \u00e9ch\u00e9ant. Le simple fait [&hellip;]\" \/>\n<meta property=\"og:url\" content=\"https:\/\/vetslongtermcare.ca\/fr\/conditions-dutilisation\/\" \/>\n<meta property=\"og:site_name\" content=\"Veterans Long Term Care Class Action\" \/>\n<meta property=\"article:modified_time\" content=\"2021-02-11T19:23:36+00:00\" \/>\n<meta name=\"twitter:card\" content=\"summary_large_image\" \/>\n<meta name=\"twitter:label1\" content=\"Dur\u00e9e de lecture estim\u00e9e\" \/>\n\t<meta name=\"twitter:data1\" content=\"2 minutes\" \/>\n<script type=\"application\/ld+json\" class=\"yoast-schema-graph\">{\"@context\":\"https:\\\/\\\/schema.org\",\"@graph\":[{\"@type\":\"WebPage\",\"@id\":\"https:\\\/\\\/vetslongtermcare.ca\\\/fr\\\/conditions-dutilisation\\\/\",\"url\":\"https:\\\/\\\/vetslongtermcare.ca\\\/fr\\\/conditions-dutilisation\\\/\",\"name\":\"Conditions d\u2019utilisation (ou clause de non-responsabilit\u00e9) - Veterans Long Term Care Class Action\",\"isPartOf\":{\"@id\":\"https:\\\/\\\/vetslongtermcare.ca\\\/fr\\\/#website\"},\"datePublished\":\"2020-01-29T19:48:57+00:00\",\"dateModified\":\"2021-02-11T19:23:36+00:00\",\"breadcrumb\":{\"@id\":\"https:\\\/\\\/vetslongtermcare.ca\\\/fr\\\/conditions-dutilisation\\\/#breadcrumb\"},\"inLanguage\":\"fr-FR\",\"potentialAction\":[{\"@type\":\"ReadAction\",\"target\":[\"https:\\\/\\\/vetslongtermcare.ca\\\/fr\\\/conditions-dutilisation\\\/\"]}]},{\"@type\":\"BreadcrumbList\",\"@id\":\"https:\\\/\\\/vetslongtermcare.ca\\\/fr\\\/conditions-dutilisation\\\/#breadcrumb\",\"itemListElement\":[{\"@type\":\"ListItem\",\"position\":1,\"name\":\"Home\",\"item\":\"https:\\\/\\\/vetslongtermcare.ca\\\/fr\\\/\"},{\"@type\":\"ListItem\",\"position\":2,\"name\":\"Conditions d\u2019utilisation (ou clause de non-responsabilit\u00e9)\"}]},{\"@type\":\"WebSite\",\"@id\":\"https:\\\/\\\/vetslongtermcare.ca\\\/fr\\\/#website\",\"url\":\"https:\\\/\\\/vetslongtermcare.ca\\\/fr\\\/\",\"name\":\"Veterans Long Term Care Class Action\",\"description\":\"\",\"potentialAction\":[{\"@type\":\"SearchAction\",\"target\":{\"@type\":\"EntryPoint\",\"urlTemplate\":\"https:\\\/\\\/vetslongtermcare.ca\\\/fr\\\/?s={search_term_string}\"},\"query-input\":{\"@type\":\"PropertyValueSpecification\",\"valueRequired\":true,\"valueName\":\"search_term_string\"}}],\"inLanguage\":\"fr-FR\"}]}<\/script>\n<!-- \/ Yoast SEO plugin. -->","yoast_head_json":{"title":"Conditions d\u2019utilisation (ou clause de non-responsabilit\u00e9) - Veterans Long Term Care Class Action","robots":{"index":"index","follow":"follow","max-snippet":"max-snippet:-1","max-image-preview":"max-image-preview:large","max-video-preview":"max-video-preview:-1"},"canonical":"https:\/\/vetslongtermcare.ca\/fr\/conditions-dutilisation\/","og_locale":"fr_FR","og_type":"article","og_title":"Conditions d\u2019utilisation (ou clause de non-responsabilit\u00e9) - Veterans Long Term Care Class Action","og_description":"Les informations que vous obtenez sur ce site ne constituent pas et ne sont pas destin\u00e9es \u00e0 \u00eatre des conseils juridiques. Vous devriez consulter un avocat afin d\u2019obtenir des conseils sur votre situation personnelle. Nous vous invitons \u00e0 nous contacter et \u00e0 r\u00e9pondre \u00e0 nos appels, lettres et courriels, le cas \u00e9ch\u00e9ant. Le simple fait [&hellip;]","og_url":"https:\/\/vetslongtermcare.ca\/fr\/conditions-dutilisation\/","og_site_name":"Veterans Long Term Care Class Action","article_modified_time":"2021-02-11T19:23:36+00:00","twitter_card":"summary_large_image","twitter_misc":{"Dur\u00e9e de lecture estim\u00e9e":"2 minutes"},"schema":{"@context":"https:\/\/schema.org","@graph":[{"@type":"WebPage","@id":"https:\/\/vetslongtermcare.ca\/fr\/conditions-dutilisation\/","url":"https:\/\/vetslongtermcare.ca\/fr\/conditions-dutilisation\/","name":"Conditions d\u2019utilisation (ou clause de non-responsabilit\u00e9) - Veterans Long Term Care Class Action","isPartOf":{"@id":"https:\/\/vetslongtermcare.ca\/fr\/#website"},"datePublished":"2020-01-29T19:48:57+00:00","dateModified":"2021-02-11T19:23:36+00:00","breadcrumb":{"@id":"https:\/\/vetslongtermcare.ca\/fr\/conditions-dutilisation\/#breadcrumb"},"inLanguage":"fr-FR","potentialAction":[{"@type":"ReadAction","target":["https:\/\/vetslongtermcare.ca\/fr\/conditions-dutilisation\/"]}]},{"@type":"BreadcrumbList","@id":"https:\/\/vetslongtermcare.ca\/fr\/conditions-dutilisation\/#breadcrumb","itemListElement":[{"@type":"ListItem","position":1,"name":"Home","item":"https:\/\/vetslongtermcare.ca\/fr\/"},{"@type":"ListItem","position":2,"name":"Conditions d\u2019utilisation (ou clause de non-responsabilit\u00e9)"}]},{"@type":"WebSite","@id":"https:\/\/vetslongtermcare.ca\/fr\/#website","url":"https:\/\/vetslongtermcare.ca\/fr\/","name":"Veterans Long Term Care Class Action","description":"","potentialAction":[{"@type":"SearchAction","target":{"@type":"EntryPoint","urlTemplate":"https:\/\/vetslongtermcare.ca\/fr\/?s={search_term_string}"},"query-input":{"@type":"PropertyValueSpecification","valueRequired":true,"valueName":"search_term_string"}}],"inLanguage":"fr-FR"}]}},"_links":{"self":[{"href":"https:\/\/vetslongtermcare.ca\/fr\/wp-json\/wp\/v2\/pages\/673","targetHints":{"allow":["GET"]}}],"collection":[{"href":"https:\/\/vetslongtermcare.ca\/fr\/wp-json\/wp\/v2\/pages"}],"about":[{"href":"https:\/\/vetslongtermcare.ca\/fr\/wp-json\/wp\/v2\/types\/page"}],"author":[{"embeddable":true,"href":"https:\/\/vetslongtermcare.ca\/fr\/wp-json\/wp\/v2\/users\/1"}],"replies":[{"embeddable":true,"href":"https:\/\/vetslongtermcare.ca\/fr\/wp-json\/wp\/v2\/comments?post=673"}],"version-history":[{"count":2,"href":"https:\/\/vetslongtermcare.ca\/fr\/wp-json\/wp\/v2\/pages\/673\/revisions"}],"predecessor-version":[{"id":682,"href":"https:\/\/vetslongtermcare.ca\/fr\/wp-json\/wp\/v2\/pages\/673\/revisions\/682"}],"wp:attachment":[{"href":"https:\/\/vetslongtermcare.ca\/fr\/wp-json\/wp\/v2\/media?parent=673"}],"curies":[{"name":"wp","href":"https:\/\/api.w.org\/{rel}","templated":true}]}}