{"id":631,"date":"2020-01-28T16:28:24","date_gmt":"2020-01-28T21:28:24","guid":{"rendered":"https:\/\/prod.vetspensionerror.ca\/contact\/"},"modified":"2025-02-10T15:33:13","modified_gmt":"2025-02-10T23:33:13","slug":"enregistrer","status":"publish","type":"page","link":"https:\/\/vetslongtermcare.ca\/fr\/enregistrer\/","title":{"rendered":"Enregistrer"},"content":{"rendered":"\n<h2 class=\"wp-block-heading\">Formulaire d\u2019enregistrement<\/h2>\n\n\n<script type=\"text\/javascript\">\n\/* <![CDATA[ *\/\nvar gform;gform||(document.addEventListener(\"gform_main_scripts_loaded\",function(){gform.scriptsLoaded=!0}),document.addEventListener(\"gform\/theme\/scripts_loaded\",function(){gform.themeScriptsLoaded=!0}),window.addEventListener(\"DOMContentLoaded\",function(){gform.domLoaded=!0}),gform={domLoaded:!1,scriptsLoaded:!1,themeScriptsLoaded:!1,isFormEditor:()=>\"function\"==typeof InitializeEditor,callIfLoaded:function(o){return!(!gform.domLoaded||!gform.scriptsLoaded||!gform.themeScriptsLoaded&&!gform.isFormEditor()||(gform.isFormEditor()&&console.warn(\"The use of gform.initializeOnLoaded() is deprecated in the form editor context and will be removed in Gravity Forms 3.1.\"),o(),0))},initializeOnLoaded:function(o){gform.callIfLoaded(o)||(document.addEventListener(\"gform_main_scripts_loaded\",()=>{gform.scriptsLoaded=!0,gform.callIfLoaded(o)}),document.addEventListener(\"gform\/theme\/scripts_loaded\",()=>{gform.themeScriptsLoaded=!0,gform.callIfLoaded(o)}),window.addEventListener(\"DOMContentLoaded\",()=>{gform.domLoaded=!0,gform.callIfLoaded(o)}))},hooks:{action:{},filter:{}},addAction:function(o,r,e,t){gform.addHook(\"action\",o,r,e,t)},addFilter:function(o,r,e,t){gform.addHook(\"filter\",o,r,e,t)},doAction:function(o){gform.doHook(\"action\",o,arguments)},applyFilters:function(o){return gform.doHook(\"filter\",o,arguments)},removeAction:function(o,r){gform.removeHook(\"action\",o,r)},removeFilter:function(o,r,e){gform.removeHook(\"filter\",o,r,e)},addHook:function(o,r,e,t,n){null==gform.hooks[o][r]&&(gform.hooks[o][r]=[]);var d=gform.hooks[o][r];null==n&&(n=r+\"_\"+d.length),gform.hooks[o][r].push({tag:n,callable:e,priority:t=null==t?10:t})},doHook:function(r,o,e){var t;if(e=Array.prototype.slice.call(e,1),null!=gform.hooks[r][o]&&((o=gform.hooks[r][o]).sort(function(o,r){return o.priority-r.priority}),o.forEach(function(o){\"function\"!=typeof(t=o.callable)&&(t=window[t]),\"action\"==r?t.apply(null,e):e[0]=t.apply(null,e)})),\"filter\"==r)return e[0]},removeHook:function(o,r,t,n){var e;null!=gform.hooks[o][r]&&(e=(e=gform.hooks[o][r]).filter(function(o,r,e){return!!(null!=n&&n!=o.tag||null!=t&&t!=o.priority)}),gform.hooks[o][r]=e)}});\n\/* ]]> *\/\n<\/script>\n\n                <div class='gf_browser_gecko gform_wrapper gravity-theme gform-theme--no-framework' data-form-theme='gravity-theme' data-form-index='0' id='gform_wrapper_1' style='display:none'>\n                        <div class='gform_heading'>\n\t\t\t\t\t\t\t<p class='gform_required_legend'>\u00ab\u00a0<span class=\"gfield_required gfield_required_asterisk\">*<\/span>\u00a0\u00bb indique les champs n\u00e9cessaires<\/p>\n                        <\/div><form method='post' enctype='multipart\/form-data'  id='gform_1'  action='\/fr\/wp-json\/wp\/v2\/pages\/631' data-formid='1' novalidate>\n                        <div class='gform-body gform_body'><div id='gform_fields_1' class='gform_fields top_label form_sublabel_below description_below validation_below'><div id=\"field_1_3\" class=\"gfield gfield--type-select gfield--input-type-select gfield_contains_required field_sublabel_below gfield--no-description field_description_below field_validation_below gfield_visibility_visible\"  ><label class='gfield_label gform-field-label' for='input_1_3'>Pr\u00e9f\u00e9rence de format du formulaire<span class=\"gfield_required\"><span class=\"gfield_required gfield_required_asterisk\">*<\/span><\/span><\/label><div class='ginput_container ginput_container_select'><select name='input_3' id='input_1_3' class='large gfield_select'    aria-required=\"true\" aria-invalid=\"false\" ><option value='Fill out form online' selected='selected'>Remplir le formulaire en ligne<\/option><option value='Fill out pdf form' >Remplir le formulaire PDF<\/option><\/select><\/div><\/div><div id=\"field_1_5\" class=\"gfield gfield--type-html gfield--input-type-html gfield_html gfield_html_formatted gfield_no_follows_desc field_sublabel_below gfield--no-description field_description_below field_validation_below gfield_visibility_visible\"  ><p><a href=\"https:\/\/vetslongtermcare.ca\/wp-content\/uploads\/2025\/02\/VeteransLongTermCareClassAction-Form-FR-2025.02.10.pdf\" target=\"_blank\" class=\"pdf-button\" download><i class=\"fa fa-file-pdf-o\"><\/i>  T\u00e9l\u00e9chargez le formulaire PDF \u00e0 remplir<\/a><\/p><\/div><div id=\"field_1_4\" class=\"gfield gfield--type-fileupload gfield--input-type-fileupload gfield_contains_required field_sublabel_below gfield--no-description field_description_below field_validation_below gfield_visibility_visible\"  ><label class='gfield_label gform-field-label' for='input_1_4'>T\u00e9l\u00e9verser le formulaire PDF que vous avez compl\u00e9t\u00e9<span class=\"gfield_required\"><span class=\"gfield_required gfield_required_asterisk\">*<\/span><\/span><\/label><div class='ginput_container ginput_container_fileupload'><input type='hidden' name='MAX_FILE_SIZE' value='536870912' \/><input name='input_4' id='input_1_4' type='file' class='medium' aria-describedby=\"gfield_upload_rules_1_4\" onchange='javascript:gformValidateFileSize( this, 536870912 );'  \/><span class='gfield_description gform_fileupload_rules' id='gfield_upload_rules_1_4'>Taille max. des fichiers\u00a0: 512 MB.<\/span><div class='gfield_description validation_message gfield_validation_message validation_message--hidden-on-empty' id='live_validation_message_1_4'><\/div> <\/div><\/div><div id=\"field_1_6\" class=\"gfield gfield--type-text gfield--input-type-text gfield_contains_required field_sublabel_below gfield--no-description field_description_below field_validation_below gfield_visibility_visible\"  ><label class='gfield_label gform-field-label' for='input_1_6'>Votre nom l\u00e9gal complet (inclure les alias ou autres noms d\u2019usage commun)<span class=\"gfield_required\"><span class=\"gfield_required gfield_required_asterisk\">*<\/span><\/span><\/label><div class='ginput_container ginput_container_text'><input name='input_6' id='input_1_6' type='text' value='' class='large'     aria-required=\"true\" aria-invalid=\"false\"   \/><\/div><\/div><div id=\"field_1_8\" class=\"gfield gfield--type-phone gfield--input-type-phone field_sublabel_below gfield--no-description field_description_below field_validation_below gfield_visibility_visible\"  ><label class='gfield_label gform-field-label' for='input_1_8'>Votre num\u00e9ro de t\u00e9l\u00e9phone<\/label><div class='ginput_container ginput_container_phone'><input name='input_8' id='input_1_8' type='tel' value='' class='large'    aria-invalid=\"false\"   \/><\/div><\/div><fieldset id=\"field_1_17\" class=\"gfield gfield--type-email gfield--input-type-email gfield_contains_required field_sublabel_below gfield--no-description field_description_below field_validation_below gfield_visibility_visible\"  ><legend class='gfield_label gform-field-label gfield_label_before_complex' >Votre adresse courriel<span class=\"gfield_required\"><span class=\"gfield_required gfield_required_asterisk\">*<\/span><\/span><\/legend><div class='ginput_complex ginput_container ginput_container_email gform-grid-row' id='input_1_17_container'>\n                                <span id='input_1_17_1_container' class='ginput_left gform-grid-col gform-grid-col--size-auto'>\n                                    <input class='' type='email' name='input_17' id='input_1_17' value=''    aria-required=\"true\" aria-invalid=\"false\"  \/>\n                                    <label for='input_1_17' class='gform-field-label gform-field-label--type-sub '>Saisissez un e-mail<\/label>\n                                <\/span>\n                                <span id='input_1_17_2_container' class='ginput_right gform-grid-col gform-grid-col--size-auto'>\n                                    <input class='' type='email' name='input_17_2' id='input_1_17_2' value=''    aria-required=\"true\" aria-invalid=\"false\"  \/>\n                                    <label for='input_1_17_2' class='gform-field-label gform-field-label--type-sub '>Confirmez l\u2019e-mail<\/label>\n                                <\/span>\n                                <div class='gf_clear gf_clear_complex'><\/div>\n                            <\/div><\/fieldset><div id=\"field_1_16\" class=\"gfield gfield--type-text gfield--input-type-text field_sublabel_below gfield--no-description field_description_below field_validation_below gfield_visibility_visible\"  ><label class='gfield_label gform-field-label' for='input_1_16'>Votre num\u00e9ro de matricule au sein des FAC, ou votre num\u00e9ro r\u00e9gimentaire de la GRC (ou, si vous \u00eates un(e) conjoint(e), conjoint(e) de fait, ou personne \u00e0 charge d\u2019un ancien membre des FAC ou de la GRC, le num\u00e9ro de service de cette personne)<\/label><div class='ginput_container ginput_container_text'><input name='input_16' id='input_1_16' type='text' value='' class='large'      aria-invalid=\"false\"   \/><\/div><\/div><div id=\"field_1_19\" class=\"gfield gfield--type-text gfield--input-type-text field_sublabel_below gfield--no-description field_description_below field_validation_below gfield_visibility_visible\"  ><label class='gfield_label gform-field-label' for='input_1_19'>Votre num\u00e9ro de dossier ACC<\/label><div class='ginput_container ginput_container_text'><input name='input_19' id='input_1_19' type='text' value='' class='large'      aria-invalid=\"false\"   \/><\/div><\/div><div id=\"field_1_13\" class=\"gfield gfield--type-text gfield--input-type-text field_sublabel_below gfield--no-description field_description_below field_validation_below gfield_visibility_visible\"  ><label class='gfield_label gform-field-label' for='input_1_13'>Personne au nom de laquelle vous soumettez le pr\u00e9sent formulaire (en votre propre nom, pour un membre de votre famille, ou en votre qualit\u00e9 d\u2019ex\u00e9cuteur successoral)<\/label><div class='ginput_container ginput_container_text'><input name='input_13' id='input_1_13' type='text' value='' class='large'      aria-invalid=\"false\"   \/><\/div><\/div><div id=\"field_1_15\" class=\"gfield gfield--type-textarea gfield--input-type-textarea field_sublabel_below gfield--no-description field_description_below field_validation_below gfield_visibility_visible\"  ><label class='gfield_label gform-field-label' for='input_1_15'>Commentaires additionnels ou autre information que vous d\u00e9sirez nous divulguer.<\/label><div class='ginput_container ginput_container_textarea'><textarea name='input_15' id='input_1_15' class='textarea large'      aria-invalid=\"false\"   rows='10' cols='50'><\/textarea><\/div><\/div><\/div><\/div>\n        <div class='gform-footer gform_footer top_label'> <div class=\"gf-turnstile-container\"> <div id=\"cf-turnstile-gf-1\" class=\"cf-turnstile\" data-sitekey=\"0x4AAAAAAA1J9H5sN-VMuS1Y\" data-theme=\"auto\" data-language=\"auto\" data-size=\"normal\" data-retry=\"auto\" data-retry-interval=\"1000\" data-refresh-expired=\"auto\" data-refresh-timeout=\"auto\" data-action=\"gravity-form-1\" data-callback=\"turnstileGravityCallback\" data-appearance=\"always\"><\/div> <script>document.addEventListener(\"DOMContentLoaded\", function() { setTimeout(function(){ var e=document.getElementById(\"cf-turnstile-gf-1\"); if(e&&!e.innerHTML.trim()){turnstile.render(e, {sitekey:\"0x4AAAAAAA1J9H5sN-VMuS1Y\"});} }, 200); });<\/script> <br class=\"cf-turnstile-br cf-turnstile-br-gf-1\"> <style>#cf-turnstile-gf-1 { margin-left: -15px; }<\/style> <\/div> <style> .gf-turnstile-container { width: 100%; } .gform_footer.top_label { display: flex; flex-wrap: wrap; } <\/style> <script>document.addEventListener(\"DOMContentLoaded\", function() {document.addEventListener('gform\/post_render', function handlePostRender(event) {if (event.detail.formId !== 1) {return;}gform.utils.addAsyncFilter('gform\/submission\/pre_submission', async function handlePreSubmission(data) {document.addEventListener('gform\/post_render', function rerenderTurnstile(event) {if (event.detail.formId !== 1) {return;}const turnstileElement = document.getElementById('cf-turnstile-gf-1');if (turnstileElement) {turnstile.remove('#cf-turnstile-gf-1');turnstile.render('#cf-turnstile-gf-1');}document.removeEventListener('gform\/post_render', rerenderTurnstile);});gform.utils.removeFilter('gform\/submission\/pre_submission', handlePreSubmission);return data;});document.removeEventListener('gform\/post_render', handlePostRender);});});<\/script><input type='submit' id='gform_submit_button_1' class='gform_button button' onclick='gform.submission.handleButtonClick(this);' data-submission-type='submit' value='Soumettre'  \/> \n            <input type='hidden' class='gform_hidden' name='gform_submission_method' data-js='gform_submission_method_1' value='postback' \/>\n            <input type='hidden' class='gform_hidden' name='gform_theme' data-js='gform_theme_1' id='gform_theme_1' value='gravity-theme' \/>\n            <input type='hidden' class='gform_hidden' name='gform_style_settings' data-js='gform_style_settings_1' id='gform_style_settings_1' value='{&quot;inputPrimaryColor&quot;:&quot;#204ce5&quot;}' \/>\n            <input type='hidden' class='gform_hidden' name='is_submit_1' value='1' \/>\n            <input type='hidden' class='gform_hidden' name='gform_submit' value='1' \/>\n            \n            <input type='hidden' class='gform_hidden' name='gform_currency' data-currency='CAD' value='XmCoZWJj8VMEw4yWvqA5gXkorFepG1ZhWS6MNGAi+yrQmFp8P003VIbIaEM51Ykd4kymoXzSp38u8znmnvVkHP26i9KrmBNM5tMXo4Tq4eJzy9I=' \/>\n            <input type='hidden' class='gform_hidden' name='gform_unique_id' value='' \/>\n            <input type='hidden' class='gform_hidden' name='state_1' value='WyJbXSIsImZjNzk0ZmFhZGMzZmRmZTEzY2UwM2IwODVmMWU0YmQ2Il0=' \/>\n            <input type='hidden' autocomplete='off' class='gform_hidden' name='gform_target_page_number_1' id='gform_target_page_number_1' value='0' \/>\n            <input type='hidden' autocomplete='off' class='gform_hidden' name='gform_source_page_number_1' id='gform_source_page_number_1' value='1' \/>\n            <input type='hidden' name='gform_field_values' value='' \/>\n            \n        <\/div>\n                        <\/form>\n                        <\/div><script type=\"text\/javascript\">\n\/* <![CDATA[ *\/\n gform.initializeOnLoaded( function() {gformInitSpinner( 1, 'https:\/\/vetslongtermcare.ca\/wp-content\/plugins\/gravityforms\/images\/spinner.svg', true );jQuery('#gform_ajax_frame_1').on('load',function(){var contents = jQuery(this).contents().find('*').html();var is_postback = contents.indexOf('GF_AJAX_POSTBACK') >= 0;if(!is_postback){return;}var form_content = jQuery(this).contents().find('#gform_wrapper_1');var is_confirmation = jQuery(this).contents().find('#gform_confirmation_wrapper_1').length > 0;var is_redirect = contents.indexOf('gformRedirect(){') >= 0;var is_form = form_content.length > 0 && ! is_redirect && ! is_confirmation;var mt = parseInt(jQuery('html').css('margin-top'), 10) + parseInt(jQuery('body').css('margin-top'), 10) + 100;if(is_form){form_content.find('form').css('opacity', 0);jQuery('#gform_wrapper_1').html(form_content.html());if(form_content.hasClass('gform_validation_error')){jQuery('#gform_wrapper_1').addClass('gform_validation_error');} else {jQuery('#gform_wrapper_1').removeClass('gform_validation_error');}setTimeout( function() { \/* delay the scroll by 50 milliseconds to fix a bug in chrome *\/  }, 50 );if(window['gformInitDatepicker']) {gformInitDatepicker();}if(window['gformInitPriceFields']) {gformInitPriceFields();}var current_page = jQuery('#gform_source_page_number_1').val();gformInitSpinner( 1, 'https:\/\/vetslongtermcare.ca\/wp-content\/plugins\/gravityforms\/images\/spinner.svg', true );jQuery(document).trigger('gform_page_loaded', [1, current_page]);window['gf_submitting_1'] = false;}else if(!is_redirect){var confirmation_content = jQuery(this).contents().find('.GF_AJAX_POSTBACK').html();if(!confirmation_content){confirmation_content = contents;}jQuery('#gform_wrapper_1').replaceWith(confirmation_content);jQuery(document).trigger('gform_confirmation_loaded', [1]);window['gf_submitting_1'] = false;wp.a11y.speak(jQuery('#gform_confirmation_message_1').text());}else{jQuery('#gform_1').append(contents);if(window['gformRedirect']) {gformRedirect();}}jQuery(document).trigger(\"gform_pre_post_render\", [{ formId: \"1\", currentPage: \"current_page\", abort: function() { this.preventDefault(); } }]);        if (event && event.defaultPrevented) {                return;        }        const gformWrapperDiv = document.getElementById( \"gform_wrapper_1\" );        if ( gformWrapperDiv ) {            const visibilitySpan = document.createElement( \"span\" );            visibilitySpan.id = \"gform_visibility_test_1\";            gformWrapperDiv.insertAdjacentElement( \"afterend\", visibilitySpan );        }        const visibilityTestDiv = document.getElementById( \"gform_visibility_test_1\" );        let postRenderFired = false;        function triggerPostRender() {            if ( postRenderFired ) {                return;            }            postRenderFired = true;            gform.core.triggerPostRenderEvents( 1, current_page );            if ( visibilityTestDiv ) {                visibilityTestDiv.parentNode.removeChild( visibilityTestDiv );            }        }        function debounce( func, wait, immediate ) {            var timeout;            return function() {                var context = this, args = arguments;                var later = function() {                    timeout = null;                    if ( !immediate ) func.apply( context, args );                };                var callNow = immediate && !timeout;                clearTimeout( timeout );                timeout = setTimeout( later, wait );                if ( callNow ) func.apply( context, args );            };        }        const debouncedTriggerPostRender = debounce( function() {            triggerPostRender();        }, 200 );        if ( visibilityTestDiv && visibilityTestDiv.offsetParent === null ) {            const observer = new MutationObserver( ( mutations ) => {                mutations.forEach( ( mutation ) => {                    if ( mutation.type === 'attributes' && visibilityTestDiv.offsetParent !== null ) {                        debouncedTriggerPostRender();                        observer.disconnect();                    }                });            });            observer.observe( document.body, {                attributes: true,                childList: false,                subtree: true,                attributeFilter: [ 'style', 'class' ],            });        } else {            triggerPostRender();        }    } );} ); \n\/* ]]> *\/\n<\/script>\n","protected":false},"excerpt":{"rendered":"<p>Formulaire d\u2019enregistrement<\/p>\n","protected":false},"author":1,"featured_media":0,"parent":0,"menu_order":0,"comment_status":"closed","ping_status":"closed","template":"","meta":{"_acf_changed":false,"inline_featured_image":false,"footnotes":""},"class_list":["post-631","page","type-page","status-publish","hentry"],"acf":[],"yoast_head":"<!-- This site is optimized with the Yoast SEO plugin v27.4 - https:\/\/yoast.com\/product\/yoast-seo-wordpress\/ -->\n<title>Enregistrer - Veterans Long Term Care Class Action<\/title>\n<meta name=\"robots\" content=\"index, follow, max-snippet:-1, max-image-preview:large, max-video-preview:-1\" \/>\n<link rel=\"canonical\" href=\"https:\/\/vetslongtermcare.ca\/fr\/enregistrer\/\" \/>\n<meta property=\"og:locale\" content=\"fr_FR\" \/>\n<meta property=\"og:type\" content=\"article\" \/>\n<meta property=\"og:title\" content=\"Enregistrer - Veterans Long Term Care Class Action\" \/>\n<meta property=\"og:description\" content=\"Formulaire d\u2019enregistrement\" \/>\n<meta property=\"og:url\" content=\"https:\/\/vetslongtermcare.ca\/fr\/enregistrer\/\" \/>\n<meta property=\"og:site_name\" content=\"Veterans Long Term Care Class Action\" \/>\n<meta property=\"article:modified_time\" content=\"2025-02-10T23:33:13+00:00\" \/>\n<meta name=\"twitter:card\" content=\"summary_large_image\" \/>\n<meta name=\"twitter:label1\" content=\"Dur\u00e9e de lecture estim\u00e9e\" \/>\n\t<meta name=\"twitter:data1\" content=\"1 minute\" \/>\n<script type=\"application\/ld+json\" class=\"yoast-schema-graph\">{\"@context\":\"https:\\\/\\\/schema.org\",\"@graph\":[{\"@type\":\"WebPage\",\"@id\":\"https:\\\/\\\/vetslongtermcare.ca\\\/fr\\\/enregistrer\\\/\",\"url\":\"https:\\\/\\\/vetslongtermcare.ca\\\/fr\\\/enregistrer\\\/\",\"name\":\"Enregistrer - Veterans Long Term Care Class Action\",\"isPartOf\":{\"@id\":\"https:\\\/\\\/vetslongtermcare.ca\\\/fr\\\/#website\"},\"datePublished\":\"2020-01-28T21:28:24+00:00\",\"dateModified\":\"2025-02-10T23:33:13+00:00\",\"breadcrumb\":{\"@id\":\"https:\\\/\\\/vetslongtermcare.ca\\\/fr\\\/enregistrer\\\/#breadcrumb\"},\"inLanguage\":\"fr-FR\",\"potentialAction\":[{\"@type\":\"ReadAction\",\"target\":[\"https:\\\/\\\/vetslongtermcare.ca\\\/fr\\\/enregistrer\\\/\"]}]},{\"@type\":\"BreadcrumbList\",\"@id\":\"https:\\\/\\\/vetslongtermcare.ca\\\/fr\\\/enregistrer\\\/#breadcrumb\",\"itemListElement\":[{\"@type\":\"ListItem\",\"position\":1,\"name\":\"Home\",\"item\":\"https:\\\/\\\/vetslongtermcare.ca\\\/fr\\\/\"},{\"@type\":\"ListItem\",\"position\":2,\"name\":\"Enregistrer\"}]},{\"@type\":\"WebSite\",\"@id\":\"https:\\\/\\\/vetslongtermcare.ca\\\/fr\\\/#website\",\"url\":\"https:\\\/\\\/vetslongtermcare.ca\\\/fr\\\/\",\"name\":\"Veterans Long Term Care Class Action\",\"description\":\"\",\"potentialAction\":[{\"@type\":\"SearchAction\",\"target\":{\"@type\":\"EntryPoint\",\"urlTemplate\":\"https:\\\/\\\/vetslongtermcare.ca\\\/fr\\\/?s={search_term_string}\"},\"query-input\":{\"@type\":\"PropertyValueSpecification\",\"valueRequired\":true,\"valueName\":\"search_term_string\"}}],\"inLanguage\":\"fr-FR\"}]}<\/script>\n<!-- \/ Yoast SEO plugin. -->","yoast_head_json":{"title":"Enregistrer - Veterans Long Term Care Class Action","robots":{"index":"index","follow":"follow","max-snippet":"max-snippet:-1","max-image-preview":"max-image-preview:large","max-video-preview":"max-video-preview:-1"},"canonical":"https:\/\/vetslongtermcare.ca\/fr\/enregistrer\/","og_locale":"fr_FR","og_type":"article","og_title":"Enregistrer - Veterans Long Term Care Class Action","og_description":"Formulaire d\u2019enregistrement","og_url":"https:\/\/vetslongtermcare.ca\/fr\/enregistrer\/","og_site_name":"Veterans Long Term Care Class Action","article_modified_time":"2025-02-10T23:33:13+00:00","twitter_card":"summary_large_image","twitter_misc":{"Dur\u00e9e de lecture estim\u00e9e":"1 minute"},"schema":{"@context":"https:\/\/schema.org","@graph":[{"@type":"WebPage","@id":"https:\/\/vetslongtermcare.ca\/fr\/enregistrer\/","url":"https:\/\/vetslongtermcare.ca\/fr\/enregistrer\/","name":"Enregistrer - Veterans Long Term Care Class Action","isPartOf":{"@id":"https:\/\/vetslongtermcare.ca\/fr\/#website"},"datePublished":"2020-01-28T21:28:24+00:00","dateModified":"2025-02-10T23:33:13+00:00","breadcrumb":{"@id":"https:\/\/vetslongtermcare.ca\/fr\/enregistrer\/#breadcrumb"},"inLanguage":"fr-FR","potentialAction":[{"@type":"ReadAction","target":["https:\/\/vetslongtermcare.ca\/fr\/enregistrer\/"]}]},{"@type":"BreadcrumbList","@id":"https:\/\/vetslongtermcare.ca\/fr\/enregistrer\/#breadcrumb","itemListElement":[{"@type":"ListItem","position":1,"name":"Home","item":"https:\/\/vetslongtermcare.ca\/fr\/"},{"@type":"ListItem","position":2,"name":"Enregistrer"}]},{"@type":"WebSite","@id":"https:\/\/vetslongtermcare.ca\/fr\/#website","url":"https:\/\/vetslongtermcare.ca\/fr\/","name":"Veterans Long Term Care Class Action","description":"","potentialAction":[{"@type":"SearchAction","target":{"@type":"EntryPoint","urlTemplate":"https:\/\/vetslongtermcare.ca\/fr\/?s={search_term_string}"},"query-input":{"@type":"PropertyValueSpecification","valueRequired":true,"valueName":"search_term_string"}}],"inLanguage":"fr-FR"}]}},"_links":{"self":[{"href":"https:\/\/vetslongtermcare.ca\/fr\/wp-json\/wp\/v2\/pages\/631","targetHints":{"allow":["GET"]}}],"collection":[{"href":"https:\/\/vetslongtermcare.ca\/fr\/wp-json\/wp\/v2\/pages"}],"about":[{"href":"https:\/\/vetslongtermcare.ca\/fr\/wp-json\/wp\/v2\/types\/page"}],"author":[{"embeddable":true,"href":"https:\/\/vetslongtermcare.ca\/fr\/wp-json\/wp\/v2\/users\/1"}],"replies":[{"embeddable":true,"href":"https:\/\/vetslongtermcare.ca\/fr\/wp-json\/wp\/v2\/comments?post=631"}],"version-history":[{"count":7,"href":"https:\/\/vetslongtermcare.ca\/fr\/wp-json\/wp\/v2\/pages\/631\/revisions"}],"predecessor-version":[{"id":10504,"href":"https:\/\/vetslongtermcare.ca\/fr\/wp-json\/wp\/v2\/pages\/631\/revisions\/10504"}],"wp:attachment":[{"href":"https:\/\/vetslongtermcare.ca\/fr\/wp-json\/wp\/v2\/media?parent=631"}],"curies":[{"name":"wp","href":"https:\/\/api.w.org\/{rel}","templated":true}]}}