{"id":601,"date":"2020-01-28T16:26:05","date_gmt":"2020-01-28T21:26:05","guid":{"rendered":"https:\/\/prod.vetspensionerror.ca\/legal-team\/"},"modified":"2025-06-17T17:30:29","modified_gmt":"2025-06-18T00:30:29","slug":"equipe-juridique","status":"publish","type":"page","link":"https:\/\/vetslongtermcare.ca\/fr\/equipe-juridique\/","title":{"rendered":"\u00c9quipe Juridique"},"content":{"rendered":"\n<figure class=\"wp-block-image size-large is-resized style-svg\"><img decoding=\"async\" src=\"https:\/\/vetslongtermcare.ca\/wp-content\/uploads\/2021\/02\/GowlingWLG-logo-colour-1.svg\" alt=\"\" class=\"wp-image-549\" style=\"width:300px;height:123px\"\/><\/figure>\n\n\n\n<p><br>Gowling WLG (Canada) LLP est un cabinet d&rsquo;avocats international sectoriel avec des bureaux partout au Canada et plus de 1&nbsp;400 professionnels du droit \u00e0 travers le monde. Le cabinet a \u00e9t\u00e9 impliqu\u00e9 dans plus de 100 recours collectifs, dont plusieurs portaient sur les pensions et les avantages sociaux. R\u00e9cemment, le cabinet a \u00e9t\u00e9 impliqu\u00e9 dans des r\u00e8glements de recours collectifs totalisant plus de 800 millions de dollars au nom d&rsquo;anciens combattants des Forces canadiennes.<\/p>\n\n\n\n<h3 class=\"wp-block-heading\">Conseillers juridiques dans le cadre de ce recours collectif&nbsp;:<\/h3>\n\n\n\n<p><strong>Malcolm N. Ruby<\/strong><br>T\u00e9l\u00e9phone: +1.416.862.4314<br>Courriel:&nbsp;<a href=\"mailto:malcolm.ruby@gowlingwlg.com\">malcolm.ruby@gowlingwlg.com<\/a><br>Bureau: Toronto, ON<\/p>\n\n\n\n<p><strong>Adam Bazak<\/strong><br>T\u00e9l\u00e9phone: +1.416.369.7363<br>Courriel:&nbsp;<a href=\"mailto:adam.bazak@gowlingwlg.com\">adam.bazak@gowlingwlg.com<\/a><br>Bureau: Toronto, ON<\/p>\n\n\n\n<hr class=\"wp-block-separator has-css-opacity is-style-wide\"\/>\n\n\n\n<figure class=\"wp-block-image size-large is-resized\"><a href=\"https:\/\/mdlo.ca\/\"><img decoding=\"async\" src=\"https:\/\/vetslongtermcare.ca\/wp-content\/uploads\/2020\/02\/MichelDrapeau-logo-colour.svg\" alt=\"\" class=\"wp-image-128\" style=\"width:300px;height:108px\"\/><\/a><\/figure>\n\n\n\n<p><br>Le Cabinet Juridique Michel Drapeau (MDLO) fournit des conseils et des services juridiques ax\u00e9s sur le droit administratif f\u00e9d\u00e9ral, en mettant l&rsquo;accent sur le droit militaire, le droit des anciens combattants, le droit de l&rsquo;acc\u00e8s \u00e0 l&rsquo;information et le droit de la vie priv\u00e9e, le droit des droits de la personne et le droit du travail dans le secteur public ainsi que les litiges civils. La client\u00e8le de MDLO est principalement compos\u00e9e de militaires canadiens \u00e0 travers le Canada (r\u00e9guliers et r\u00e9servistes, y compris les cadets du CMR), d&rsquo;anciens combattants, de la Gendarmerie royale du Canada et de fonctionnaires f\u00e9d\u00e9raux. R\u00e9cemment, le cabinet a particip\u00e9 \u00e0 des r\u00e8glements de recours collectifs totalisant plus de 800 millions de dollars au nom d&rsquo;anciens combattants des Forces canadiennes<\/p>\n\n\n\n<h3 class=\"wp-block-heading\">Conseillers juridiques dans le cadre de ce recours collectif&nbsp;:<\/h3>\n\n\n\n<p><strong>Michel W. Drapeau<\/strong><br>T\u00e9l\u00e9phone: +1.613.236.2657, ext.200<br>Courriel:&nbsp;<a href=\"mailto:Michel.Drapeau@mdlo.ca\">Michel.Drapeau@mdlo.ca<\/a><br>Bureau: Ottawa, ON<\/p>\n\n\n\n<p><strong>Joshua M. Juneau<\/strong><br>T\u00e9l\u00e9phone: +1.613.236.2657, ext.201<br>Courriel:&nbsp;<a href=\"mailto:Joshua.Juneau@mdlo.ca\">Joshua.Juneau@mdlo.ca<\/a><br>Bureau: Ottawa, ON<\/p>\n\n\n\n<hr class=\"wp-block-separator has-css-opacity is-style-wide\"\/>\n\n\n\n<figure class=\"wp-block-image size-large is-resized\"><a href=\"https:\/\/www.mcinnescooper.com\/\"><img decoding=\"async\" src=\"https:\/\/vetslongtermcare.ca\/wp-content\/uploads\/2020\/02\/McInnesCooper-logo-colour.svg\" alt=\"\" class=\"wp-image-127\" style=\"width:150px;height:62px\"\/><\/a><\/figure>\n\n\n\n<p><br>McInnes Cooper figure parmi les 25 plus grands cabinets d&rsquo;avocats d&rsquo;affaires au Canada. Le cabinet sert des clients partout en Am\u00e9rique du Nord et \u00e0 l\u2019\u00e9tranger \u00e0 partir de six bureaux situ\u00e9s \u00e0 Halifax, St. John\u2019s, Fredericton, Moncton, Saint John et Charlottetown. Avec pr\u00e8s de 200 avocats et plus de 200 ressources professionnelles, McInnes Cooper est en mesure d&rsquo;offrir \u00e0 ses clients une gamme de services juridiques. Le cabinet fournit des services \u00e0 des clients de premier plan dans tous les secteurs majeurs et poss\u00e9dant une exp\u00e9rience dans toutes les juridictions. R\u00e9cemment, le cabinet a \u00e9t\u00e9 impliqu\u00e9 dans des r\u00e8glements de recours collectifs totalisant plus de 800 millions de dollars au nom d&rsquo;anciens combattants des Forces canadiennes.<\/p>\n\n\n\n<h3 class=\"wp-block-heading\">Conseillers juridiques dans le cadre de ce recours collectif&nbsp;:<\/h3>\n\n\n\n<p><strong>Daniel Wallace<\/strong>*<br>T\u00e9l\u00e9phone: +1.902.444.8630<br>Courriel:&nbsp;<a href=\"mailto:daniel.wallace@mcinnescooper.com\">daniel.wallace@mcinnescooper.com<\/a><br>Bureau: Halifax, NS<br>*D.F. Wallace&nbsp;P.C. Incorporated<\/p>\n\n\n\n<hr class=\"wp-block-separator has-alpha-channel-opacity\"\/>\n\n\n\n<figure class=\"wp-block-image size-large is-resized\"><a href=\"https:\/\/kmlaw.ca\/\"><img decoding=\"async\" src=\"https:\/\/vetslongtermcare.ca\/wp-content\/uploads\/2020\/02\/KoskieMinsky-logo-colour.svg\" alt=\"\" class=\"wp-image-120\" style=\"width:150px;height:74px\"\/><\/a><\/figure>\n\n\n\n<p><br>Koskie Minsky LLP, bas\u00e9 \u00e0 Toronto, est l\u2019un des plus importants cabinets de recours collectifs, de retraite, de travail, d\u2019emploi et de litiges au Canada. Son groupe de recours collectifs est un chef de file en mati\u00e8re de recours collectifs depuis 1992 et a poursuivi bon nombre des causes phares du domaine. Bon nombre des recours collectifs de Koskie Minsky ont \u00e9t\u00e9 des cas marquants qui ont \u00e9t\u00e9 les premiers du genre au Canada \u2013 r\u00e9ussissant non seulement \u00e0 modifier les lois existantes, mais \u00e9galement \u00e0 donner une voix et un recouvrement financier substantiel \u00e0 ses clients. Les avocats plaidants en recours collectifs du cabinet agissent \u00e0 tous les niveaux des tribunaux, y compris des comparutions fr\u00e9quentes devant la Cour d\u2019appel et la Cour supr\u00eame du Canada. R\u00e9cemment, le cabinet a \u00e9t\u00e9 impliqu\u00e9 dans un r\u00e8glement de recours collectif totalisant plus de 800 millions de dollars au nom d&rsquo;anciens combattants des Forces canadiennes.<\/p>\n\n\n\n<h3 class=\"wp-block-heading\">Conseillers juridiques dans le cadre de ce recours collectif&nbsp;:<\/h3>\n\n\n\n<p><strong>Adam Tanel<\/strong><br>T\u00e9l\u00e9phone: +1.416.595.2072<br>Courriel:&nbsp;<a href=\"mailto:atanel@kmlaw.ca\">atanel@kmlaw.ca<\/a><br>Bureau: Toronto, Ontario<\/p>\n\n\n\n<p><strong>Kirk M. Baert*<\/strong><br>T\u00e9l\u00e9phone: +1.416.595.2072<br>Courriel:&nbsp;<a href=\"mailto:kbaert@kmlaw.ca\">kbaert@kmlaw.ca<\/a><br>Bureau: Toronto, ON<br>*Kirk Baert Professional Corporation<\/p>\n\n\n\n<hr class=\"wp-block-separator has-css-opacity is-style-wide\"\/>\n\n\n\n<figure class=\"wp-block-image size-large is-resized\"><img decoding=\"async\" src=\"https:\/\/vetslongtermcare.ca\/wp-content\/uploads\/2025\/06\/murphy-battista-logo-full-color-rgb.svg\" alt=\"Murphy Battista LLP logo\" class=\"wp-image-10578\" style=\"width:300px;height:99px\"\/><\/figure>\n\n\n\n<p><br>Murphy Battista LLP, bas\u00e9e \u00e0 Vancouver, est une soci\u00e9t\u00e9 de litige poss\u00e9dant une vaste exp\u00e9rience dans les litiges complexes, notamment les recours collectifs nationaux \u00e0 grande \u00e9chelle, les agressions sexuelles civiles, les fautes professionnelles m\u00e9dicales et les litiges commerciaux. Le cabinet a engag\u00e9 de nombreuses actions novatrices d\u2019int\u00e9r\u00eat public qui ont fait avancer la loi. Les avocats plaidants du cabinet comparaissent fr\u00e9quemment devant les tribunaux partout au Canada, notamment devant la Cour d\u2019appel f\u00e9d\u00e9rale et la Cour supr\u00eame du Canada. R\u00e9cemment, le cabinet a \u00e9t\u00e9 impliqu\u00e9 dans un r\u00e8glement de recours collectif totalisant plus de 800 millions de dollars au nom d&rsquo;anciens combattants des Forces canadiennes<\/p>\n\n\n\n<h3 class=\"wp-block-heading\">Conseillers juridiques dans le cadre de ce recours collectif&nbsp;:<\/h3>\n\n\n\n<p><strong>Bill Dick, K.C.<\/strong>*<br>T\u00e9l\u00e9phone: +1.250.549.1999<br>Courriel:&nbsp;<a href=\"mailto:bill@murphybattista.com\">bill@murphybattista.com<\/a><br>Bureau: Kelowna, BC<br>*William Dick Personal Law Corporation<\/p>\n\n\n\n<p><strong>Angela Bespflug<\/strong>*<br>T\u00e9l\u00e9phone: +1.604.683.9621<br>Courriel:&nbsp;<a href=\"mailto:bespflug@murphybattista.com\">bespflug@murphybattista.com<\/a><br>Bureau: Vancouver, BC<br>*Angela Bespflug Law Corporation<\/p>\n","protected":false},"excerpt":{"rendered":"<p>Gowling WLG (Canada) LLP est un cabinet d&rsquo;avocats international sectoriel avec des bureaux partout au Canada et plus de 1&nbsp;400 professionnels du droit \u00e0 travers le monde. Le cabinet a \u00e9t\u00e9 impliqu\u00e9 dans plus de 100 recours collectifs, dont plusieurs portaient sur les pensions et les avantages sociaux. R\u00e9cemment, le cabinet a \u00e9t\u00e9 impliqu\u00e9 dans [&hellip;]<\/p>\n","protected":false},"author":1,"featured_media":0,"parent":0,"menu_order":0,"comment_status":"closed","ping_status":"closed","template":"","meta":{"_acf_changed":false,"inline_featured_image":false,"footnotes":""},"class_list":["post-601","page","type-page","status-publish","hentry"],"acf":[],"yoast_head":"<!-- This site is optimized with the Yoast SEO plugin v27.4 - https:\/\/yoast.com\/product\/yoast-seo-wordpress\/ -->\n<title>\u00c9quipe Juridique - Veterans Long Term Care Class Action<\/title>\n<meta name=\"robots\" content=\"index, follow, max-snippet:-1, max-image-preview:large, max-video-preview:-1\" \/>\n<link rel=\"canonical\" href=\"https:\/\/vetslongtermcare.ca\/fr\/equipe-juridique\/\" \/>\n<meta property=\"og:locale\" content=\"fr_FR\" \/>\n<meta property=\"og:type\" content=\"article\" \/>\n<meta property=\"og:title\" content=\"\u00c9quipe Juridique - Veterans Long Term Care Class Action\" \/>\n<meta property=\"og:description\" content=\"Gowling WLG (Canada) LLP est un cabinet d&rsquo;avocats international sectoriel avec des bureaux partout au Canada et plus de 1&nbsp;400 professionnels du droit \u00e0 travers le monde. Le cabinet a \u00e9t\u00e9 impliqu\u00e9 dans plus de 100 recours collectifs, dont plusieurs portaient sur les pensions et les avantages sociaux. R\u00e9cemment, le cabinet a \u00e9t\u00e9 impliqu\u00e9 dans [&hellip;]\" \/>\n<meta property=\"og:url\" content=\"https:\/\/vetslongtermcare.ca\/fr\/equipe-juridique\/\" \/>\n<meta property=\"og:site_name\" content=\"Veterans Long Term Care Class Action\" \/>\n<meta property=\"article:modified_time\" content=\"2025-06-18T00:30:29+00:00\" \/>\n<meta name=\"twitter:card\" content=\"summary_large_image\" \/>\n<meta name=\"twitter:label1\" content=\"Dur\u00e9e de lecture estim\u00e9e\" \/>\n\t<meta name=\"twitter:data1\" content=\"5 minutes\" \/>\n<script type=\"application\/ld+json\" class=\"yoast-schema-graph\">{\"@context\":\"https:\\\/\\\/schema.org\",\"@graph\":[{\"@type\":\"WebPage\",\"@id\":\"https:\\\/\\\/vetslongtermcare.ca\\\/fr\\\/equipe-juridique\\\/\",\"url\":\"https:\\\/\\\/vetslongtermcare.ca\\\/fr\\\/equipe-juridique\\\/\",\"name\":\"\u00c9quipe Juridique - Veterans Long Term Care Class Action\",\"isPartOf\":{\"@id\":\"https:\\\/\\\/vetslongtermcare.ca\\\/fr\\\/#website\"},\"primaryImageOfPage\":{\"@id\":\"https:\\\/\\\/vetslongtermcare.ca\\\/fr\\\/equipe-juridique\\\/#primaryimage\"},\"image\":{\"@id\":\"https:\\\/\\\/vetslongtermcare.ca\\\/fr\\\/equipe-juridique\\\/#primaryimage\"},\"thumbnailUrl\":\"https:\\\/\\\/vetslongtermcare.ca\\\/wp-content\\\/uploads\\\/2021\\\/02\\\/GowlingWLG-logo-colour-1.svg\",\"datePublished\":\"2020-01-28T21:26:05+00:00\",\"dateModified\":\"2025-06-18T00:30:29+00:00\",\"breadcrumb\":{\"@id\":\"https:\\\/\\\/vetslongtermcare.ca\\\/fr\\\/equipe-juridique\\\/#breadcrumb\"},\"inLanguage\":\"fr-FR\",\"potentialAction\":[{\"@type\":\"ReadAction\",\"target\":[\"https:\\\/\\\/vetslongtermcare.ca\\\/fr\\\/equipe-juridique\\\/\"]}]},{\"@type\":\"ImageObject\",\"inLanguage\":\"fr-FR\",\"@id\":\"https:\\\/\\\/vetslongtermcare.ca\\\/fr\\\/equipe-juridique\\\/#primaryimage\",\"url\":\"https:\\\/\\\/vetslongtermcare.ca\\\/wp-content\\\/uploads\\\/2021\\\/02\\\/GowlingWLG-logo-colour-1.svg\",\"contentUrl\":\"https:\\\/\\\/vetslongtermcare.ca\\\/wp-content\\\/uploads\\\/2021\\\/02\\\/GowlingWLG-logo-colour-1.svg\"},{\"@type\":\"BreadcrumbList\",\"@id\":\"https:\\\/\\\/vetslongtermcare.ca\\\/fr\\\/equipe-juridique\\\/#breadcrumb\",\"itemListElement\":[{\"@type\":\"ListItem\",\"position\":1,\"name\":\"Home\",\"item\":\"https:\\\/\\\/vetslongtermcare.ca\\\/fr\\\/\"},{\"@type\":\"ListItem\",\"position\":2,\"name\":\"\u00c9quipe Juridique\"}]},{\"@type\":\"WebSite\",\"@id\":\"https:\\\/\\\/vetslongtermcare.ca\\\/fr\\\/#website\",\"url\":\"https:\\\/\\\/vetslongtermcare.ca\\\/fr\\\/\",\"name\":\"Veterans Long Term Care Class Action\",\"description\":\"\",\"potentialAction\":[{\"@type\":\"SearchAction\",\"target\":{\"@type\":\"EntryPoint\",\"urlTemplate\":\"https:\\\/\\\/vetslongtermcare.ca\\\/fr\\\/?s={search_term_string}\"},\"query-input\":{\"@type\":\"PropertyValueSpecification\",\"valueRequired\":true,\"valueName\":\"search_term_string\"}}],\"inLanguage\":\"fr-FR\"}]}<\/script>\n<!-- \/ Yoast SEO plugin. -->","yoast_head_json":{"title":"\u00c9quipe Juridique - Veterans Long Term Care Class Action","robots":{"index":"index","follow":"follow","max-snippet":"max-snippet:-1","max-image-preview":"max-image-preview:large","max-video-preview":"max-video-preview:-1"},"canonical":"https:\/\/vetslongtermcare.ca\/fr\/equipe-juridique\/","og_locale":"fr_FR","og_type":"article","og_title":"\u00c9quipe Juridique - Veterans Long Term Care Class Action","og_description":"Gowling WLG (Canada) LLP est un cabinet d&rsquo;avocats international sectoriel avec des bureaux partout au Canada et plus de 1&nbsp;400 professionnels du droit \u00e0 travers le monde. Le cabinet a \u00e9t\u00e9 impliqu\u00e9 dans plus de 100 recours collectifs, dont plusieurs portaient sur les pensions et les avantages sociaux. R\u00e9cemment, le cabinet a \u00e9t\u00e9 impliqu\u00e9 dans [&hellip;]","og_url":"https:\/\/vetslongtermcare.ca\/fr\/equipe-juridique\/","og_site_name":"Veterans Long Term Care Class Action","article_modified_time":"2025-06-18T00:30:29+00:00","twitter_card":"summary_large_image","twitter_misc":{"Dur\u00e9e de lecture estim\u00e9e":"5 minutes"},"schema":{"@context":"https:\/\/schema.org","@graph":[{"@type":"WebPage","@id":"https:\/\/vetslongtermcare.ca\/fr\/equipe-juridique\/","url":"https:\/\/vetslongtermcare.ca\/fr\/equipe-juridique\/","name":"\u00c9quipe Juridique - Veterans Long Term Care Class Action","isPartOf":{"@id":"https:\/\/vetslongtermcare.ca\/fr\/#website"},"primaryImageOfPage":{"@id":"https:\/\/vetslongtermcare.ca\/fr\/equipe-juridique\/#primaryimage"},"image":{"@id":"https:\/\/vetslongtermcare.ca\/fr\/equipe-juridique\/#primaryimage"},"thumbnailUrl":"https:\/\/vetslongtermcare.ca\/wp-content\/uploads\/2021\/02\/GowlingWLG-logo-colour-1.svg","datePublished":"2020-01-28T21:26:05+00:00","dateModified":"2025-06-18T00:30:29+00:00","breadcrumb":{"@id":"https:\/\/vetslongtermcare.ca\/fr\/equipe-juridique\/#breadcrumb"},"inLanguage":"fr-FR","potentialAction":[{"@type":"ReadAction","target":["https:\/\/vetslongtermcare.ca\/fr\/equipe-juridique\/"]}]},{"@type":"ImageObject","inLanguage":"fr-FR","@id":"https:\/\/vetslongtermcare.ca\/fr\/equipe-juridique\/#primaryimage","url":"https:\/\/vetslongtermcare.ca\/wp-content\/uploads\/2021\/02\/GowlingWLG-logo-colour-1.svg","contentUrl":"https:\/\/vetslongtermcare.ca\/wp-content\/uploads\/2021\/02\/GowlingWLG-logo-colour-1.svg"},{"@type":"BreadcrumbList","@id":"https:\/\/vetslongtermcare.ca\/fr\/equipe-juridique\/#breadcrumb","itemListElement":[{"@type":"ListItem","position":1,"name":"Home","item":"https:\/\/vetslongtermcare.ca\/fr\/"},{"@type":"ListItem","position":2,"name":"\u00c9quipe Juridique"}]},{"@type":"WebSite","@id":"https:\/\/vetslongtermcare.ca\/fr\/#website","url":"https:\/\/vetslongtermcare.ca\/fr\/","name":"Veterans Long Term Care Class Action","description":"","potentialAction":[{"@type":"SearchAction","target":{"@type":"EntryPoint","urlTemplate":"https:\/\/vetslongtermcare.ca\/fr\/?s={search_term_string}"},"query-input":{"@type":"PropertyValueSpecification","valueRequired":true,"valueName":"search_term_string"}}],"inLanguage":"fr-FR"}]}},"_links":{"self":[{"href":"https:\/\/vetslongtermcare.ca\/fr\/wp-json\/wp\/v2\/pages\/601","targetHints":{"allow":["GET"]}}],"collection":[{"href":"https:\/\/vetslongtermcare.ca\/fr\/wp-json\/wp\/v2\/pages"}],"about":[{"href":"https:\/\/vetslongtermcare.ca\/fr\/wp-json\/wp\/v2\/types\/page"}],"author":[{"embeddable":true,"href":"https:\/\/vetslongtermcare.ca\/fr\/wp-json\/wp\/v2\/users\/1"}],"replies":[{"embeddable":true,"href":"https:\/\/vetslongtermcare.ca\/fr\/wp-json\/wp\/v2\/comments?post=601"}],"version-history":[{"count":7,"href":"https:\/\/vetslongtermcare.ca\/fr\/wp-json\/wp\/v2\/pages\/601\/revisions"}],"predecessor-version":[{"id":10586,"href":"https:\/\/vetslongtermcare.ca\/fr\/wp-json\/wp\/v2\/pages\/601\/revisions\/10586"}],"wp:attachment":[{"href":"https:\/\/vetslongtermcare.ca\/fr\/wp-json\/wp\/v2\/media?parent=601"}],"curies":[{"name":"wp","href":"https:\/\/api.w.org\/{rel}","templated":true}]}}