{"id":570,"date":"2021-02-10T18:51:05","date_gmt":"2021-02-10T23:51:05","guid":{"rendered":"https:\/\/prod.vetspensionerror.ca\/?page_id=570"},"modified":"2025-04-15T15:45:25","modified_gmt":"2025-04-15T22:45:25","slug":"a-propos-du-recours","status":"publish","type":"page","link":"https:\/\/vetslongtermcare.ca\/fr\/a-propos-du-recours\/","title":{"rendered":"\u00c0 propos de du recours collectif"},"content":{"rendered":"\n<h2 class=\"wp-block-heading\">Le recours collectif ?<\/h2>\n\n\n\n<p>En vertu du <em>R\u00e8glement sur les soins de sant\u00e9 pour anciens combattants<\/em>, Anciens Combattants Canada (\u00ab ACC \u00bb) exige que les anciens combattants recevant des soins de longue dur\u00e9e contribuent, jusqu&rsquo;\u00e0 concurrence d&rsquo;un montant mensuel maximal, aux frais d&rsquo;h\u00e9bergement et de repas, appel\u00e9s frais de repas. Ce recours collectif vise \u00e0 obtenir des dommages-int\u00e9r\u00eats en raison de l&rsquo;all\u00e9gation selon laquelle le Canada aurait surfactur\u00e9 les soins de longue dur\u00e9e aux anciens combattants depuis au moins 1998. L&rsquo;affaire all\u00e8gue des erreurs dans le calcul des montants d&rsquo;indexation annuelle pr\u00e9vus \u00e0 l&rsquo;article 33.1 du R\u00e8glement.<\/p>\n\n\n\n<h2 class=\"wp-block-heading\"><strong>\u00cates-vous concern\u00e9 ?<\/strong><\/h2>\n\n\n\n<p>Ce recours collectif propos\u00e9 pourrait avoir un impact sur les anciens combattants des Forces arm\u00e9es canadiennes, les civils ayant servi en temps de guerre ou les retrait\u00e9s, qui ont re\u00e7u des prestations pour soins de longue dur\u00e9e en vertu du <em>R\u00e8glement sur les soins de sant\u00e9 pour anciens combattants<\/em>.&nbsp;<\/p>\n\n\n\n<p>Les survivants et les successions admissibles des anciens combattants pourraient \u00e9galement \u00eatre touch\u00e9s. Veuillez-vous inscrire pour \u00eatre ajout\u00e9 \u00e0 la base de donn\u00e9es des membres potentiels du groupe et pour recevoir des mises \u00e0 jour sur les progr\u00e8s de ce recours collectif propos\u00e9<br><\/p>\n","protected":false},"excerpt":{"rendered":"<p>Le recours collectif ? En vertu du R\u00e8glement sur les soins de sant\u00e9 pour anciens combattants, Anciens Combattants Canada (\u00ab ACC \u00bb) exige que les anciens combattants recevant des soins de longue dur\u00e9e contribuent, jusqu&rsquo;\u00e0 concurrence d&rsquo;un montant mensuel maximal, aux frais d&rsquo;h\u00e9bergement et de repas, appel\u00e9s frais de repas. Ce recours collectif vise \u00e0 [&hellip;]<\/p>\n","protected":false},"author":1,"featured_media":0,"parent":0,"menu_order":0,"comment_status":"closed","ping_status":"closed","template":"","meta":{"_acf_changed":false,"inline_featured_image":false,"footnotes":""},"class_list":["post-570","page","type-page","status-publish","hentry"],"acf":[],"yoast_head":"<!-- This site is optimized with the Yoast SEO plugin v27.4 - https:\/\/yoast.com\/product\/yoast-seo-wordpress\/ -->\n<title>\u00c0 propos de du recours collectif - Veterans Long Term Care Class Action<\/title>\n<meta name=\"robots\" content=\"index, follow, max-snippet:-1, max-image-preview:large, max-video-preview:-1\" \/>\n<link rel=\"canonical\" href=\"https:\/\/vetslongtermcare.ca\/fr\/a-propos-du-recours\/\" \/>\n<meta property=\"og:locale\" content=\"fr_FR\" \/>\n<meta property=\"og:type\" content=\"article\" \/>\n<meta property=\"og:title\" content=\"\u00c0 propos de du recours collectif - Veterans Long Term Care Class Action\" \/>\n<meta property=\"og:description\" content=\"Le recours collectif ? En vertu du R\u00e8glement sur les soins de sant\u00e9 pour anciens combattants, Anciens Combattants Canada (\u00ab ACC \u00bb) exige que les anciens combattants recevant des soins de longue dur\u00e9e contribuent, jusqu&rsquo;\u00e0 concurrence d&rsquo;un montant mensuel maximal, aux frais d&rsquo;h\u00e9bergement et de repas, appel\u00e9s frais de repas. Ce recours collectif vise \u00e0 [&hellip;]\" \/>\n<meta property=\"og:url\" content=\"https:\/\/vetslongtermcare.ca\/fr\/a-propos-du-recours\/\" \/>\n<meta property=\"og:site_name\" content=\"Veterans Long Term Care Class Action\" \/>\n<meta property=\"article:modified_time\" content=\"2025-04-15T22:45:25+00:00\" \/>\n<meta name=\"twitter:card\" content=\"summary_large_image\" \/>\n<meta name=\"twitter:label1\" content=\"Dur\u00e9e de lecture estim\u00e9e\" \/>\n\t<meta name=\"twitter:data1\" content=\"4 minutes\" \/>\n<script type=\"application\/ld+json\" class=\"yoast-schema-graph\">{\"@context\":\"https:\\\/\\\/schema.org\",\"@graph\":[{\"@type\":\"WebPage\",\"@id\":\"https:\\\/\\\/vetslongtermcare.ca\\\/fr\\\/a-propos-du-recours\\\/\",\"url\":\"https:\\\/\\\/vetslongtermcare.ca\\\/fr\\\/a-propos-du-recours\\\/\",\"name\":\"\u00c0 propos de du recours collectif - Veterans Long Term Care Class Action\",\"isPartOf\":{\"@id\":\"https:\\\/\\\/vetslongtermcare.ca\\\/fr\\\/#website\"},\"datePublished\":\"2021-02-10T23:51:05+00:00\",\"dateModified\":\"2025-04-15T22:45:25+00:00\",\"breadcrumb\":{\"@id\":\"https:\\\/\\\/vetslongtermcare.ca\\\/fr\\\/a-propos-du-recours\\\/#breadcrumb\"},\"inLanguage\":\"fr-FR\",\"potentialAction\":[{\"@type\":\"ReadAction\",\"target\":[\"https:\\\/\\\/vetslongtermcare.ca\\\/fr\\\/a-propos-du-recours\\\/\"]}]},{\"@type\":\"BreadcrumbList\",\"@id\":\"https:\\\/\\\/vetslongtermcare.ca\\\/fr\\\/a-propos-du-recours\\\/#breadcrumb\",\"itemListElement\":[{\"@type\":\"ListItem\",\"position\":1,\"name\":\"Home\",\"item\":\"https:\\\/\\\/vetslongtermcare.ca\\\/fr\\\/\"},{\"@type\":\"ListItem\",\"position\":2,\"name\":\"\u00c0 propos du recours\"}]},{\"@type\":\"WebSite\",\"@id\":\"https:\\\/\\\/vetslongtermcare.ca\\\/fr\\\/#website\",\"url\":\"https:\\\/\\\/vetslongtermcare.ca\\\/fr\\\/\",\"name\":\"Veterans Long Term Care Class Action\",\"description\":\"\",\"potentialAction\":[{\"@type\":\"SearchAction\",\"target\":{\"@type\":\"EntryPoint\",\"urlTemplate\":\"https:\\\/\\\/vetslongtermcare.ca\\\/fr\\\/?s={search_term_string}\"},\"query-input\":{\"@type\":\"PropertyValueSpecification\",\"valueRequired\":true,\"valueName\":\"search_term_string\"}}],\"inLanguage\":\"fr-FR\"}]}<\/script>\n<!-- \/ Yoast SEO plugin. -->","yoast_head_json":{"title":"\u00c0 propos de du recours collectif - Veterans Long Term Care Class Action","robots":{"index":"index","follow":"follow","max-snippet":"max-snippet:-1","max-image-preview":"max-image-preview:large","max-video-preview":"max-video-preview:-1"},"canonical":"https:\/\/vetslongtermcare.ca\/fr\/a-propos-du-recours\/","og_locale":"fr_FR","og_type":"article","og_title":"\u00c0 propos de du recours collectif - Veterans Long Term Care Class Action","og_description":"Le recours collectif ? En vertu du R\u00e8glement sur les soins de sant\u00e9 pour anciens combattants, Anciens Combattants Canada (\u00ab ACC \u00bb) exige que les anciens combattants recevant des soins de longue dur\u00e9e contribuent, jusqu&rsquo;\u00e0 concurrence d&rsquo;un montant mensuel maximal, aux frais d&rsquo;h\u00e9bergement et de repas, appel\u00e9s frais de repas. Ce recours collectif vise \u00e0 [&hellip;]","og_url":"https:\/\/vetslongtermcare.ca\/fr\/a-propos-du-recours\/","og_site_name":"Veterans Long Term Care Class Action","article_modified_time":"2025-04-15T22:45:25+00:00","twitter_card":"summary_large_image","twitter_misc":{"Dur\u00e9e de lecture estim\u00e9e":"4 minutes"},"schema":{"@context":"https:\/\/schema.org","@graph":[{"@type":"WebPage","@id":"https:\/\/vetslongtermcare.ca\/fr\/a-propos-du-recours\/","url":"https:\/\/vetslongtermcare.ca\/fr\/a-propos-du-recours\/","name":"\u00c0 propos de du recours collectif - Veterans Long Term Care Class Action","isPartOf":{"@id":"https:\/\/vetslongtermcare.ca\/fr\/#website"},"datePublished":"2021-02-10T23:51:05+00:00","dateModified":"2025-04-15T22:45:25+00:00","breadcrumb":{"@id":"https:\/\/vetslongtermcare.ca\/fr\/a-propos-du-recours\/#breadcrumb"},"inLanguage":"fr-FR","potentialAction":[{"@type":"ReadAction","target":["https:\/\/vetslongtermcare.ca\/fr\/a-propos-du-recours\/"]}]},{"@type":"BreadcrumbList","@id":"https:\/\/vetslongtermcare.ca\/fr\/a-propos-du-recours\/#breadcrumb","itemListElement":[{"@type":"ListItem","position":1,"name":"Home","item":"https:\/\/vetslongtermcare.ca\/fr\/"},{"@type":"ListItem","position":2,"name":"\u00c0 propos du recours"}]},{"@type":"WebSite","@id":"https:\/\/vetslongtermcare.ca\/fr\/#website","url":"https:\/\/vetslongtermcare.ca\/fr\/","name":"Veterans Long Term Care Class Action","description":"","potentialAction":[{"@type":"SearchAction","target":{"@type":"EntryPoint","urlTemplate":"https:\/\/vetslongtermcare.ca\/fr\/?s={search_term_string}"},"query-input":{"@type":"PropertyValueSpecification","valueRequired":true,"valueName":"search_term_string"}}],"inLanguage":"fr-FR"}]}},"_links":{"self":[{"href":"https:\/\/vetslongtermcare.ca\/fr\/wp-json\/wp\/v2\/pages\/570","targetHints":{"allow":["GET"]}}],"collection":[{"href":"https:\/\/vetslongtermcare.ca\/fr\/wp-json\/wp\/v2\/pages"}],"about":[{"href":"https:\/\/vetslongtermcare.ca\/fr\/wp-json\/wp\/v2\/types\/page"}],"author":[{"embeddable":true,"href":"https:\/\/vetslongtermcare.ca\/fr\/wp-json\/wp\/v2\/users\/1"}],"replies":[{"embeddable":true,"href":"https:\/\/vetslongtermcare.ca\/fr\/wp-json\/wp\/v2\/comments?post=570"}],"version-history":[{"count":7,"href":"https:\/\/vetslongtermcare.ca\/fr\/wp-json\/wp\/v2\/pages\/570\/revisions"}],"predecessor-version":[{"id":10557,"href":"https:\/\/vetslongtermcare.ca\/fr\/wp-json\/wp\/v2\/pages\/570\/revisions\/10557"}],"wp:attachment":[{"href":"https:\/\/vetslongtermcare.ca\/fr\/wp-json\/wp\/v2\/media?parent=570"}],"curies":[{"name":"wp","href":"https:\/\/api.w.org\/{rel}","templated":true}]}}